{"id":60,"date":"2025-01-18T20:44:45","date_gmt":"2025-01-18T20:44:45","guid":{"rendered":"https:\/\/www.sedaelektronik.com\/blog\/contact\/"},"modified":"2025-01-18T22:34:00","modified_gmt":"2025-01-18T22:34:00","slug":"contact","status":"publish","type":"page","link":"https:\/\/www.sedaelektronik.com\/blog\/?page_id=60","title":{"rendered":"\u0130leti\u015fim"},"content":{"rendered":"\n<h2>Bize Ula\u015f\u0131n<\/h2>\n<h2>\u0130stiklal Mah. \u015eirinyer Sok. No:2\/B ODUNPAZARI &#8211; ESK\u0130\u015eEH\u0130R\n\nEMAIL: info@sedaelektronik.com\nWHATSAPP \/ TELEGRAM \/ B\u0130P \/ S\u0130GNAL HATTI:\n+90(544)7741819\n+90(222)2337264\n<\/h2>\n\n\n\n\n\n\n\n\n\n\n\n\n\n\n\n\n\n\nEski\u015fehir &#8211; T\u00fcrkiye\n","protected":false},"excerpt":{"rendered":"<p>Bize Ula\u015f\u0131n \u0130stiklal Mah. \u015eirinyer Sok. No:2\/B ODUNPAZARI &#8211; ESK\u0130\u015eEH\u0130R EMAIL: info@sedaelektronik.com WHATSAPP \/ TELEGRAM \/ B\u0130P \/ S\u0130GNAL HATTI: +90(544)7741819 +90(222)2337264 Eski\u015fehir &#8211; T\u00fcrkiye<\/p>\n","protected":false},"author":0,"featured_media":0,"parent":0,"menu_order":0,"comment_status":"closed","ping_status":"closed","template":"","meta":[],"_links":{"self":[{"href":"https:\/\/www.sedaelektronik.com\/blog\/index.php?rest_route=\/wp\/v2\/pages\/60"}],"collection":[{"href":"https:\/\/www.sedaelektronik.com\/blog\/index.php?rest_route=\/wp\/v2\/pages"}],"about":[{"href":"https:\/\/www.sedaelektronik.com\/blog\/index.php?rest_route=\/wp\/v2\/types\/page"}],"replies":[{"embeddable":true,"href":"https:\/\/www.sedaelektronik.com\/blog\/index.php?rest_route=%2Fwp%2Fv2%2Fcomments&post=60"}],"version-history":[{"count":5,"href":"https:\/\/www.sedaelektronik.com\/blog\/index.php?rest_route=\/wp\/v2\/pages\/60\/revisions"}],"predecessor-version":[{"id":113,"href":"https:\/\/www.sedaelektronik.com\/blog\/index.php?rest_route=\/wp\/v2\/pages\/60\/revisions\/113"}],"wp:attachment":[{"href":"https:\/\/www.sedaelektronik.com\/blog\/index.php?rest_route=%2Fwp%2Fv2%2Fmedia&parent=60"}],"curies":[{"name":"wp","href":"https:\/\/api.w.org\/{rel}","templated":true}]}}