{"id":106,"date":"2025-01-18T22:27:29","date_gmt":"2025-01-18T22:27:29","guid":{"rendered":"https:\/\/www.sedaelektronik.com\/blog\/?page_id=106"},"modified":"2025-01-18T22:32:17","modified_gmt":"2025-01-18T22:32:17","slug":"urunler","status":"publish","type":"page","link":"https:\/\/www.sedaelektronik.com\/blog\/?page_id=106","title":{"rendered":"\u00dcr\u00fcnler"},"content":{"rendered":"\n<p>B\u00fct\u00fcn \u00fcr\u00fcnlerimize linkten ula\u015f\u0131labilir:<\/p>\n\n\n\n<p><a href=\"https:\/\/www.sedaelektronik.com\/index.php?route=common\/home\">\u00dcr\u00fcn Sayfam\u0131z<\/a><\/p>\n","protected":false},"excerpt":{"rendered":"<p>B\u00fct\u00fcn \u00fcr\u00fcnlerimize linkten ula\u015f\u0131labilir: \u00dcr\u00fcn Sayfam\u0131z<\/p>\n","protected":false},"author":1,"featured_media":0,"parent":0,"menu_order":0,"comment_status":"closed","ping_status":"closed","template":"","meta":[],"_links":{"self":[{"href":"https:\/\/www.sedaelektronik.com\/blog\/index.php?rest_route=\/wp\/v2\/pages\/106"}],"collection":[{"href":"https:\/\/www.sedaelektronik.com\/blog\/index.php?rest_route=\/wp\/v2\/pages"}],"about":[{"href":"https:\/\/www.sedaelektronik.com\/blog\/index.php?rest_route=\/wp\/v2\/types\/page"}],"author":[{"embeddable":true,"href":"https:\/\/www.sedaelektronik.com\/blog\/index.php?rest_route=\/wp\/v2\/users\/1"}],"replies":[{"embeddable":true,"href":"https:\/\/www.sedaelektronik.com\/blog\/index.php?rest_route=%2Fwp%2Fv2%2Fcomments&post=106"}],"version-history":[{"count":4,"href":"https:\/\/www.sedaelektronik.com\/blog\/index.php?rest_route=\/wp\/v2\/pages\/106\/revisions"}],"predecessor-version":[{"id":112,"href":"https:\/\/www.sedaelektronik.com\/blog\/index.php?rest_route=\/wp\/v2\/pages\/106\/revisions\/112"}],"wp:attachment":[{"href":"https:\/\/www.sedaelektronik.com\/blog\/index.php?rest_route=%2Fwp%2Fv2%2Fmedia&parent=106"}],"curies":[{"name":"wp","href":"https:\/\/api.w.org\/{rel}","templated":true}]}}